{"id":303132,"date":"2025-02-08T01:13:19","date_gmt":"2025-02-07T15:13:19","guid":{"rendered":"https:\/\/www.fulpy.com\/au\/product\/product-6\/"},"modified":"2026-02-27T05:43:57","modified_gmt":"2026-02-26T19:43:57","slug":"pull-out-wardrobe-basket-deep-2","status":"publish","type":"product","link":"https:\/\/www.fulpy.com\/au\/product\/pull-out-wardrobe-basket-deep-2\/","title":{"rendered":"Pull Out Wardrobe Basket &#8211; Deep"},"content":{"rendered":"<p>This pull-out deep profile clothes basket is 270mm deep so is perfect for folded clothing and larger items. Simply pull out to get access to the entire contents. The innovative He\u00fcger Wardrobe System utilises a smart expandable frame to fit a variety of wardrobe widths and pulls out on high quality ball bearing steel runners. Only includes the deep pull out basket in the image Getting the most from your wardrobe is now achievable with the He\u00fcger Wardrobe System. He\u00fcger is all about efficient space utilisation and simple access. The innovative He\u00fcger Wardrobe System utilises a smart expandable frame to fit a variety of wardrobe widths. It pulls out on high quality ball bearing steel runners, and supports a variety of modular storage items such as shoe racks, baskets, and trouser racks.<\/p>\n","protected":false},"excerpt":{"rendered":"<p>This pull-out deep profile clothes basket is 270mm deep so is perfect for folded clothing and larger items. Simply pull<\/p>\n","protected":false},"featured_media":303585,"template":"","meta":[],"product_brand":[],"product_cat":[881],"product_tag":[1268],"class_list":{"0":"post-303132","1":"product","2":"type-product","3":"status-publish","4":"has-post-thumbnail","6":"product_cat-baskets","7":"product_tag-renovator-store-baskets","9":"first","10":"instock","11":"shipping-taxable","12":"product-type-external"},"yoast_head":"<!-- This site is optimized with the Yoast SEO plugin v26.7 - https:\/\/yoast.com\/wordpress\/plugins\/seo\/ -->\n<title>Pull Out Wardrobe Basket - Deep Online in Australia | Buy Now<\/title>\n<meta name=\"description\" content=\"Buy Pull Out Wardrobe Basket - Deep from Renovator Store. Discover best furniture &amp; home decor from top Australian retailers.\" \/>\n<meta name=\"robots\" content=\"index, follow, max-snippet:-1, max-image-preview:large, max-video-preview:-1\" \/>\n<link rel=\"canonical\" href=\"https:\/\/www.fulpy.com\/au\/product\/pull-out-wardrobe-basket-deep-2\/\" \/>\n<meta property=\"og:locale\" content=\"en_US\" \/>\n<meta property=\"og:type\" content=\"article\" \/>\n<meta property=\"og:title\" content=\"Pull Out Wardrobe Basket - Deep Online in Australia | Buy Now\" \/>\n<meta property=\"og:description\" content=\"Buy Pull Out Wardrobe Basket - Deep from Renovator Store. Discover best furniture &amp; home decor from top Australian retailers.\" \/>\n<meta property=\"og:url\" content=\"https:\/\/www.fulpy.com\/au\/product\/pull-out-wardrobe-basket-deep-2\/\" \/>\n<meta property=\"og:site_name\" content=\"Fulpy Australia\" \/>\n<meta property=\"article:publisher\" content=\"https:\/\/www.facebook.com\/fulpystyle\/\" \/>\n<meta property=\"article:modified_time\" content=\"2026-02-26T19:43:57+00:00\" \/>\n<meta property=\"og:image\" content=\"https:\/\/www.fulpy.com\/au\/wp-content\/uploads\/2025\/02\/Pull-Out-Wardrobe-Basket-Deep.jpg\" \/>\n\t<meta property=\"og:image:width\" content=\"720\" \/>\n\t<meta property=\"og:image:height\" content=\"720\" \/>\n\t<meta property=\"og:image:type\" content=\"image\/jpeg\" \/>\n<meta name=\"twitter:card\" content=\"summary_large_image\" \/>\n<meta name=\"twitter:site\" content=\"@fulpystyle\" \/>\n<meta name=\"twitter:label1\" content=\"Est. reading time\" \/>\n\t<meta name=\"twitter:data1\" content=\"1 minute\" \/>\n<script type=\"application\/ld+json\" class=\"yoast-schema-graph\">{\"@context\":\"https:\/\/schema.org\",\"@graph\":[{\"@type\":[\"WebPage\",\"ItemPage\"],\"@id\":\"https:\/\/www.fulpy.com\/au\/product\/pull-out-wardrobe-basket-deep-2\/\",\"url\":\"https:\/\/www.fulpy.com\/au\/product\/pull-out-wardrobe-basket-deep-2\/\",\"name\":\"Pull Out Wardrobe Basket - Deep Online in Australia | Buy Now\",\"isPartOf\":{\"@id\":\"https:\/\/www.fulpy.com\/au\/#website\"},\"primaryImageOfPage\":{\"@id\":\"https:\/\/www.fulpy.com\/au\/product\/pull-out-wardrobe-basket-deep-2\/#primaryimage\"},\"image\":{\"@id\":\"https:\/\/www.fulpy.com\/au\/product\/pull-out-wardrobe-basket-deep-2\/#primaryimage\"},\"thumbnailUrl\":\"https:\/\/www.fulpy.com\/au\/wp-content\/uploads\/2025\/02\/Pull-Out-Wardrobe-Basket-Deep.jpg\",\"datePublished\":\"2025-02-07T15:13:19+00:00\",\"dateModified\":\"2026-02-26T19:43:57+00:00\",\"description\":\"Buy Pull Out Wardrobe Basket - Deep from Renovator Store. Discover best furniture & home decor from top Australian retailers.\",\"breadcrumb\":{\"@id\":\"https:\/\/www.fulpy.com\/au\/product\/pull-out-wardrobe-basket-deep-2\/#breadcrumb\"},\"inLanguage\":\"en-US\",\"potentialAction\":[{\"@type\":\"ReadAction\",\"target\":[\"https:\/\/www.fulpy.com\/au\/product\/pull-out-wardrobe-basket-deep-2\/\"]}]},{\"@type\":\"ImageObject\",\"inLanguage\":\"en-US\",\"@id\":\"https:\/\/www.fulpy.com\/au\/product\/pull-out-wardrobe-basket-deep-2\/#primaryimage\",\"url\":\"https:\/\/www.fulpy.com\/au\/wp-content\/uploads\/2025\/02\/Pull-Out-Wardrobe-Basket-Deep.jpg\",\"contentUrl\":\"https:\/\/www.fulpy.com\/au\/wp-content\/uploads\/2025\/02\/Pull-Out-Wardrobe-Basket-Deep.jpg\",\"width\":720,\"height\":720,\"caption\":\"Pull Out Wardrobe Basket - Deep\"},{\"@type\":\"BreadcrumbList\",\"@id\":\"https:\/\/www.fulpy.com\/au\/product\/pull-out-wardrobe-basket-deep-2\/#breadcrumb\",\"itemListElement\":[{\"@type\":\"ListItem\",\"position\":1,\"name\":\"Home\",\"item\":\"https:\/\/www.fulpy.com\/au\/\"},{\"@type\":\"ListItem\",\"position\":2,\"name\":\"Shop\",\"item\":\"https:\/\/www.fulpy.com\/au\/shop\/\"},{\"@type\":\"ListItem\",\"position\":3,\"name\":\"Pull Out Wardrobe Basket &#8211; Deep\"}]},{\"@type\":\"WebSite\",\"@id\":\"https:\/\/www.fulpy.com\/au\/#website\",\"url\":\"https:\/\/www.fulpy.com\/au\/\",\"name\":\"Fulpy Australia\",\"description\":\"Buy Premium Quality Furniture Online in Australia\",\"publisher\":{\"@id\":\"https:\/\/www.fulpy.com\/au\/#organization\"},\"potentialAction\":[{\"@type\":\"SearchAction\",\"target\":{\"@type\":\"EntryPoint\",\"urlTemplate\":\"https:\/\/www.fulpy.com\/au\/?s={search_term_string}\"},\"query-input\":{\"@type\":\"PropertyValueSpecification\",\"valueRequired\":true,\"valueName\":\"search_term_string\"}}],\"inLanguage\":\"en-US\"},{\"@type\":\"Organization\",\"@id\":\"https:\/\/www.fulpy.com\/au\/#organization\",\"name\":\"Fulpy Australia\",\"url\":\"https:\/\/www.fulpy.com\/au\/\",\"logo\":{\"@type\":\"ImageObject\",\"inLanguage\":\"en-US\",\"@id\":\"https:\/\/www.fulpy.com\/au\/#\/schema\/logo\/image\/\",\"url\":\"https:\/\/www.fulpy.comau\/wp-content\/uploads\/2023\/06\/fulpy-logo2-562x562-1.png\",\"contentUrl\":\"https:\/\/www.fulpy.comau\/wp-content\/uploads\/2023\/06\/fulpy-logo2-562x562-1.png\",\"width\":562,\"height\":267,\"caption\":\"Fulpy Australia\"},\"image\":{\"@id\":\"https:\/\/www.fulpy.com\/au\/#\/schema\/logo\/image\/\"},\"sameAs\":[\"https:\/\/www.facebook.com\/fulpystyle\/\",\"https:\/\/x.com\/fulpystyle\",\"https:\/\/www.pinterest.com\/fulpystyle\/\"]}]}<\/script>\n<!-- \/ Yoast SEO plugin. -->","yoast_head_json":{"title":"Pull Out Wardrobe Basket - Deep Online in Australia | Buy Now","description":"Buy Pull Out Wardrobe Basket - Deep from Renovator Store. Discover best furniture & home decor from top Australian retailers.","robots":{"index":"index","follow":"follow","max-snippet":"max-snippet:-1","max-image-preview":"max-image-preview:large","max-video-preview":"max-video-preview:-1"},"canonical":"https:\/\/www.fulpy.com\/au\/product\/pull-out-wardrobe-basket-deep-2\/","og_locale":"en_US","og_type":"article","og_title":"Pull Out Wardrobe Basket - Deep Online in Australia | Buy Now","og_description":"Buy Pull Out Wardrobe Basket - Deep from Renovator Store. Discover best furniture & home decor from top Australian retailers.","og_url":"https:\/\/www.fulpy.com\/au\/product\/pull-out-wardrobe-basket-deep-2\/","og_site_name":"Fulpy Australia","article_publisher":"https:\/\/www.facebook.com\/fulpystyle\/","article_modified_time":"2026-02-26T19:43:57+00:00","og_image":[{"width":720,"height":720,"url":"https:\/\/www.fulpy.com\/au\/wp-content\/uploads\/2025\/02\/Pull-Out-Wardrobe-Basket-Deep.jpg","type":"image\/jpeg"}],"twitter_card":"summary_large_image","twitter_site":"@fulpystyle","twitter_misc":{"Est. reading time":"1 minute"},"schema":{"@context":"https:\/\/schema.org","@graph":[{"@type":["WebPage","ItemPage"],"@id":"https:\/\/www.fulpy.com\/au\/product\/pull-out-wardrobe-basket-deep-2\/","url":"https:\/\/www.fulpy.com\/au\/product\/pull-out-wardrobe-basket-deep-2\/","name":"Pull Out Wardrobe Basket - Deep Online in Australia | Buy Now","isPartOf":{"@id":"https:\/\/www.fulpy.com\/au\/#website"},"primaryImageOfPage":{"@id":"https:\/\/www.fulpy.com\/au\/product\/pull-out-wardrobe-basket-deep-2\/#primaryimage"},"image":{"@id":"https:\/\/www.fulpy.com\/au\/product\/pull-out-wardrobe-basket-deep-2\/#primaryimage"},"thumbnailUrl":"https:\/\/www.fulpy.com\/au\/wp-content\/uploads\/2025\/02\/Pull-Out-Wardrobe-Basket-Deep.jpg","datePublished":"2025-02-07T15:13:19+00:00","dateModified":"2026-02-26T19:43:57+00:00","description":"Buy Pull Out Wardrobe Basket - Deep from Renovator Store. Discover best furniture & home decor from top Australian retailers.","breadcrumb":{"@id":"https:\/\/www.fulpy.com\/au\/product\/pull-out-wardrobe-basket-deep-2\/#breadcrumb"},"inLanguage":"en-US","potentialAction":[{"@type":"ReadAction","target":["https:\/\/www.fulpy.com\/au\/product\/pull-out-wardrobe-basket-deep-2\/"]}]},{"@type":"ImageObject","inLanguage":"en-US","@id":"https:\/\/www.fulpy.com\/au\/product\/pull-out-wardrobe-basket-deep-2\/#primaryimage","url":"https:\/\/www.fulpy.com\/au\/wp-content\/uploads\/2025\/02\/Pull-Out-Wardrobe-Basket-Deep.jpg","contentUrl":"https:\/\/www.fulpy.com\/au\/wp-content\/uploads\/2025\/02\/Pull-Out-Wardrobe-Basket-Deep.jpg","width":720,"height":720,"caption":"Pull Out Wardrobe Basket - Deep"},{"@type":"BreadcrumbList","@id":"https:\/\/www.fulpy.com\/au\/product\/pull-out-wardrobe-basket-deep-2\/#breadcrumb","itemListElement":[{"@type":"ListItem","position":1,"name":"Home","item":"https:\/\/www.fulpy.com\/au\/"},{"@type":"ListItem","position":2,"name":"Shop","item":"https:\/\/www.fulpy.com\/au\/shop\/"},{"@type":"ListItem","position":3,"name":"Pull Out Wardrobe Basket &#8211; Deep"}]},{"@type":"WebSite","@id":"https:\/\/www.fulpy.com\/au\/#website","url":"https:\/\/www.fulpy.com\/au\/","name":"Fulpy Australia","description":"Buy Premium Quality Furniture Online in Australia","publisher":{"@id":"https:\/\/www.fulpy.com\/au\/#organization"},"potentialAction":[{"@type":"SearchAction","target":{"@type":"EntryPoint","urlTemplate":"https:\/\/www.fulpy.com\/au\/?s={search_term_string}"},"query-input":{"@type":"PropertyValueSpecification","valueRequired":true,"valueName":"search_term_string"}}],"inLanguage":"en-US"},{"@type":"Organization","@id":"https:\/\/www.fulpy.com\/au\/#organization","name":"Fulpy Australia","url":"https:\/\/www.fulpy.com\/au\/","logo":{"@type":"ImageObject","inLanguage":"en-US","@id":"https:\/\/www.fulpy.com\/au\/#\/schema\/logo\/image\/","url":"https:\/\/www.fulpy.comau\/wp-content\/uploads\/2023\/06\/fulpy-logo2-562x562-1.png","contentUrl":"https:\/\/www.fulpy.comau\/wp-content\/uploads\/2023\/06\/fulpy-logo2-562x562-1.png","width":562,"height":267,"caption":"Fulpy Australia"},"image":{"@id":"https:\/\/www.fulpy.com\/au\/#\/schema\/logo\/image\/"},"sameAs":["https:\/\/www.facebook.com\/fulpystyle\/","https:\/\/x.com\/fulpystyle","https:\/\/www.pinterest.com\/fulpystyle\/"]}]}},"_links":{"self":[{"href":"https:\/\/www.fulpy.com\/au\/wp-json\/wp\/v2\/product\/303132","targetHints":{"allow":["GET"]}}],"collection":[{"href":"https:\/\/www.fulpy.com\/au\/wp-json\/wp\/v2\/product"}],"about":[{"href":"https:\/\/www.fulpy.com\/au\/wp-json\/wp\/v2\/types\/product"}],"version-history":[{"count":1,"href":"https:\/\/www.fulpy.com\/au\/wp-json\/wp\/v2\/product\/303132\/revisions"}],"predecessor-version":[{"id":366859,"href":"https:\/\/www.fulpy.com\/au\/wp-json\/wp\/v2\/product\/303132\/revisions\/366859"}],"wp:featuredmedia":[{"embeddable":true,"href":"https:\/\/www.fulpy.com\/au\/wp-json\/wp\/v2\/media\/303585"}],"wp:attachment":[{"href":"https:\/\/www.fulpy.com\/au\/wp-json\/wp\/v2\/media?parent=303132"}],"wp:term":[{"taxonomy":"product_brand","embeddable":true,"href":"https:\/\/www.fulpy.com\/au\/wp-json\/wp\/v2\/product_brand?post=303132"},{"taxonomy":"product_cat","embeddable":true,"href":"https:\/\/www.fulpy.com\/au\/wp-json\/wp\/v2\/product_cat?post=303132"},{"taxonomy":"product_tag","embeddable":true,"href":"https:\/\/www.fulpy.com\/au\/wp-json\/wp\/v2\/product_tag?post=303132"}],"curies":[{"name":"wp","href":"https:\/\/api.w.org\/{rel}","templated":true}]}}